{"id":497,"date":"2020-07-11T20:34:35","date_gmt":"2020-07-11T20:34:35","guid":{"rendered":"https:\/\/sandybrown-koala-804212.hostingersite.com\/?page_id=497"},"modified":"2020-07-11T20:48:45","modified_gmt":"2020-07-11T20:48:45","slug":"les-cris-obsedants-du-huard-leclair-du-cerf-de-virginie-le-vol-rapide-des-harles-au-dessus-de-leau-et-le-chant-de-nos-oiseaux-migrateurs-contribuent-a-faire-du-lac-sam-un-endroit-special-pourta","status":"publish","type":"page","link":"https:\/\/lacsam.info\/?page_id=497&lang=fr","title":{"rendered":"Faune et flore"},"content":{"rendered":"\n<p>Les cris obs\u00e9dants du huard, l&#8217;\u00e9clair du cerf de Virginie, le vol rapide des harles au-dessus de l&#8217;eau et le chant de nos oiseaux migrateurs contribuent \u00e0 faire du lac Sam un endroit sp\u00e9cial. Pourtant, la population d&#8217;animaux sauvages du Canada a consid\u00e9rablement diminu\u00e9 depuis les ann\u00e9es 70. Pour en savoir plus sur nos voisins sauvages, sur la fa\u00e7on de coexister avec eux et de les prot\u00e9ger au profit de tous les habitants du lac Sam et de ses environs, consultez ces sites informatifs :<\/p>\n\n\n\n<p>Photos d&#8217;animaux au Lac Sam:<\/p>\n\n\n<div id=\"grid-gallery-2-1103\" data-gg-id=\"2\" data-title=\"LacSamWildlife\" data-grid-type=\"2\" data-offset=\"5.3\" data-area-position=\"center\" data-icons=\"\" data-preloader=\"true\" data-width=\"auto\" data-height=\"215\" data-padding=\"0\" data-quicksand=\"disabled\" data-quicksand-duration=\"1800\" data-popup-theme=\"theme_6\" data-popup-type=\"pretty-photo\" data-popup-image-text=\"data-description\" data-popup-widthsize=\"auto\" data-popup-heightsize=\"auto\" data-popup-i18n-words=\"{&quot;close&quot;:&quot;close&quot;,&quot;next&quot;:&quot;next&quot;,&quot;previous&quot;:&quot;previous&quot;,&quot;start_slideshow&quot;:&quot;start slideshow&quot;,&quot;stop_slideshow&quot;:&quot;stop slideshow&quot;,&quot;image&quot;:&quot;image&quot;,&quot;of&quot;:&quot;of&quot;,&quot;prev&quot;:&quot;prev&quot;,&quot;cExpand&quot;:&quot;Expand&quot;,&quot;cPrevious&quot;:&quot;Previous&quot;,&quot;cNext&quot;:&quot;Next&quot;,&quot;cExpandStr&quot;:&quot;Expand the image&quot;,&quot;cRotate&quot;:&quot;Rotate&quot;,&quot;cDetails&quot;:&quot;Details&quot;}\" data-popup-slideshow=\"false\" data-popup-slideshow-speed=\"2500\" data-popup-hoverstop=\"true\" data-popup-slideshow-auto=\"false\" data-popup-background=\"\" data-popup-transparency=\"30\" data-popup-disable-history=\"\" data-popup-disable-changed-url=\"\" data-popup-border-type=\"\" data-popup-border-color=\"\" data-popup-border-width=\"\" data-popup-border-enable=\"\" data-fullscreen=\"false\" data-hide-tooltip=\"false\" data-caption-font-family=\"Default\" data-caption-text-size=\"140\" data-is-mobile=\"0\" data-caption-mobile=\"false\" data-hide-long-tltp-title=\"0\" data-caption-disabled-on-mobile=\"false\" data-popup-placement-type=\"0\" data-social-sharing=\"{&quot;enabled&quot;:&quot;&quot;,&quot;gallerySharing&quot;:{&quot;enabled&quot;:null,&quot;position&quot;:null},&quot;imageSharing&quot;:{&quot;enabled&quot;:null,&quot;wrapperClass&quot;:&quot; vertical &quot;},&quot;popupSharing&quot;:{&quot;enabled&quot;:null,&quot;wrapperClass&quot;:&quot; vertical &quot;}}\" class=\"grid-gallery grid-gallery-fixed \" style=\" width:100%; height:auto; margin-left:auto; margin-right:auto;position:relative;\"> <div class=\"gallery-loading\"> <div class=\"blocks\"> <div class=\"block\"><\/div> <div class=\"block\"><\/div> <div class=\"block\"><\/div> <div class=\"block\"><\/div> <\/div> <\/div> <div class=\"gallery-sharing-top\" style=\"display:none;\"> <\/div> <div id=\"photos-2\" class=\"grid-gallery-photos\"><FIGURE class=\"grid-gallery-caption\" data-grid-gallery-type=\"quarter-two-step\" data-index=\"0\" style=\"display:none;border-radius:200;; margin:2.65px; height:2150; width:auto;\" ><div class=\"crop\" style=\"\"><img decoding=\"async\" src=\"https:\/\/sandybrown-koala-804212.hostingersite.com\/wp-content\/uploads\/2019\/09\/unnamed-287x215.jpg\" class=\"ggImg ggNotInitImg\" alt=\"unnamed\" title=\"unnamed\" data-description=\"unnamed\" data-caption=\"Falcon - J. Arnason\" data-title=\"unnamed\" style=\" height:215px; width:auto;\" \/><\/div><FIGCAPTION class=\"\" data-alpha=\"5\" style=\"color:#ffffff; background-color:#0c0000; font-size:140; text-align:2; font-family:Default;\" ><div class=\"grid-gallery-figcaption-wrap\" style=\"\"><\/div><\/FIGCAPTION><\/FIGURE><FIGURE class=\"grid-gallery-caption\" data-grid-gallery-type=\"quarter-two-step\" data-index=\"1\" style=\"display:none;border-radius:200;; margin:2.65px; height:2150; width:auto;\" ><div class=\"crop\" style=\"\"><img decoding=\"async\" src=\"https:\/\/sandybrown-koala-804212.hostingersite.com\/wp-content\/uploads\/2019\/09\/IMG_5558-199x215.jpg\" class=\"ggImg ggNotInitImg\" alt=\"IMG_5558\" title=\"IMG_5558\" data-description=\"IMG_5558\" data-caption=\"Monarch - K. VdP-N\" data-title=\"IMG_5558\" style=\" height:215px; width:auto;\" \/><\/div><FIGCAPTION class=\"\" data-alpha=\"5\" style=\"color:#ffffff; background-color:#0c0000; font-size:140; text-align:2; font-family:Default;\" ><div class=\"grid-gallery-figcaption-wrap\" style=\"\"><\/div><\/FIGCAPTION><\/FIGURE><FIGURE class=\"grid-gallery-caption\" data-grid-gallery-type=\"quarter-two-step\" data-index=\"2\" style=\"display:none;border-radius:200;; margin:2.65px; height:2150; width:auto;\" ><div class=\"crop\" style=\"\"><img decoding=\"async\" src=\"https:\/\/sandybrown-koala-804212.hostingersite.com\/wp-content\/uploads\/2019\/09\/IMG_2989-173x215.jpg\" class=\"ggImg ggNotInitImg\" alt=\"IMG_2989\" title=\"IMG_2989\" data-description=\"IMG_2989\" data-caption=\"Chrysalis - K. VdP-N\" data-title=\"IMG_2989\" style=\" height:215px; width:auto;\" \/><\/div><FIGCAPTION class=\"\" data-alpha=\"5\" style=\"color:#ffffff; background-color:#0c0000; font-size:140; text-align:2; font-family:Default;\" ><div class=\"grid-gallery-figcaption-wrap\" style=\"\"><\/div><\/FIGCAPTION><\/FIGURE><FIGURE class=\"grid-gallery-caption\" data-grid-gallery-type=\"quarter-two-step\" data-index=\"3\" style=\"display:none;border-radius:200;; margin:2.65px; height:2150; width:auto;\" ><div class=\"crop\" style=\"\"><img decoding=\"async\" src=\"https:\/\/sandybrown-koala-804212.hostingersite.com\/wp-content\/uploads\/2019\/09\/IMG_2487-287x215.jpg\" class=\"ggImg ggNotInitImg\" alt=\"IMG_2487\" title=\"IMG_2487\" data-description=\"IMG_2487\" data-caption=\"Falcon - J. Arnason\" data-title=\"IMG_2487\" style=\" height:215px; width:auto;\" \/><\/div><FIGCAPTION class=\"\" data-alpha=\"5\" style=\"color:#ffffff; background-color:#0c0000; font-size:140; text-align:2; font-family:Default;\" ><div class=\"grid-gallery-figcaption-wrap\" style=\"\"><\/div><\/FIGCAPTION><\/FIGURE><FIGURE class=\"grid-gallery-caption\" data-grid-gallery-type=\"quarter-two-step\" data-index=\"4\" style=\"display:none;border-radius:200;; margin:2.65px; height:2150; width:auto;\" ><div class=\"crop\" style=\"\"><img decoding=\"async\" src=\"https:\/\/sandybrown-koala-804212.hostingersite.com\/wp-content\/uploads\/2019\/09\/20190825_102640_resized-287x215.jpg\" class=\"ggImg ggNotInitImg\" alt=\"20190825_102640_resized\" title=\"20190825_102640_resized\" data-description=\"20190825_102640_resized\" data-caption=\"Monarch butterfly larvae feeding on milkweed - E. Price\" data-title=\"20190825_102640_resized\" style=\" height:215px; width:auto;\" \/><\/div><FIGCAPTION class=\"\" data-alpha=\"5\" style=\"color:#ffffff; background-color:#0c0000; font-size:140; text-align:2; font-family:Default;\" ><div class=\"grid-gallery-figcaption-wrap\" style=\"\"><\/div><\/FIGCAPTION><\/FIGURE><FIGURE class=\"grid-gallery-caption\" data-grid-gallery-type=\"quarter-two-step\" data-index=\"5\" style=\"display:none;border-radius:200;; margin:2.65px; height:2150; width:auto;\" ><div class=\"crop\" style=\"\"><img decoding=\"async\" src=\"https:\/\/sandybrown-koala-804212.hostingersite.com\/wp-content\/uploads\/2019\/09\/20190811_183145-382x215.jpg\" class=\"ggImg ggNotInitImg\" alt=\"20190811_183145\" title=\"20190811_183145\" data-description=\"20190811_183145\" data-caption=\"Baby Snapping Turtle - G. B\u00e9land\" data-title=\"20190811_183145\" style=\" height:215px; width:auto;\" \/><\/div><FIGCAPTION class=\"\" data-alpha=\"5\" style=\"color:#ffffff; background-color:#0c0000; font-size:140; text-align:2; font-family:Default;\" ><div class=\"grid-gallery-figcaption-wrap\" style=\"\"><\/div><\/FIGCAPTION><\/FIGURE><FIGURE class=\"grid-gallery-caption\" data-grid-gallery-type=\"quarter-two-step\" data-index=\"6\" style=\"display:none;border-radius:200;; margin:2.65px; height:2150; width:auto;\" ><div class=\"crop\" style=\"\"><img decoding=\"async\" src=\"https:\/\/sandybrown-koala-804212.hostingersite.com\/wp-content\/uploads\/2019\/09\/20190805_161734-282x215.jpg\" class=\"ggImg ggNotInitImg\" alt=\"20190805_161734\" title=\"20190805_161734\" data-description=\"20190805_161734\" data-caption=\"Male goldfinch and male purple finch having lunch together - E. Price\" data-title=\"20190805_161734\" style=\" height:215px; width:auto;\" \/><\/div><FIGCAPTION class=\"\" data-alpha=\"5\" style=\"color:#ffffff; background-color:#0c0000; font-size:140; text-align:2; font-family:Default;\" ><div class=\"grid-gallery-figcaption-wrap\" style=\"\"><\/div><\/FIGCAPTION><\/FIGURE><FIGURE class=\"grid-gallery-caption\" data-grid-gallery-type=\"quarter-two-step\" data-index=\"7\" style=\"display:none;border-radius:200;; margin:2.65px; height:2150; width:auto;\" ><div class=\"crop\" style=\"\"><img decoding=\"async\" src=\"https:\/\/sandybrown-koala-804212.hostingersite.com\/wp-content\/uploads\/2019\/09\/20190805_161446-264x215.jpg\" class=\"ggImg ggNotInitImg\" alt=\"20190805_161446\" title=\"20190805_161446\" data-description=\"20190805_161446\" data-caption=\"Evening grosbeak - E. Price\" data-title=\"20190805_161446\" style=\" height:215px; width:auto;\" \/><\/div><FIGCAPTION class=\"\" data-alpha=\"5\" style=\"color:#ffffff; background-color:#0c0000; font-size:140; text-align:2; font-family:Default;\" ><div class=\"grid-gallery-figcaption-wrap\" style=\"\"><\/div><\/FIGCAPTION><\/FIGURE><FIGURE class=\"grid-gallery-caption\" data-grid-gallery-type=\"quarter-two-step\" data-index=\"8\" style=\"display:none;border-radius:200;; margin:2.65px; height:2150; width:auto;\" ><div class=\"crop\" style=\"\"><img decoding=\"async\" src=\"https:\/\/sandybrown-koala-804212.hostingersite.com\/wp-content\/uploads\/2019\/09\/20190625_082334-e1569678063245-161x215.jpg\" class=\"ggImg ggNotInitImg\" alt=\"20190625_082334\" title=\"20190625_082334\" data-description=\"20190625_082334\" data-caption=\"Snapping turtle - E. Price\" data-title=\"20190625_082334\" style=\" height:215px; width:auto;\" \/><\/div><FIGCAPTION class=\"\" data-alpha=\"5\" style=\"color:#ffffff; background-color:#0c0000; font-size:140; text-align:2; font-family:Default;\" ><div class=\"grid-gallery-figcaption-wrap\" style=\"\"><\/div><\/FIGCAPTION><\/FIGURE><FIGURE class=\"grid-gallery-caption\" data-grid-gallery-type=\"quarter-two-step\" data-index=\"9\" style=\"display:none;border-radius:200;; margin:2.65px; height:2150; width:auto;\" ><div class=\"crop\" style=\"\"><img decoding=\"async\" src=\"https:\/\/sandybrown-koala-804212.hostingersite.com\/wp-content\/uploads\/2019\/09\/20190625_082316-e1569678108111-161x215.jpg\" class=\"ggImg ggNotInitImg\" alt=\"20190625_082316\" title=\"20190625_082316\" data-description=\"20190625_082316\" data-caption=\"March of the Snapping turtle - E. Price\" data-title=\"20190625_082316\" style=\" height:215px; width:auto;\" \/><\/div><FIGCAPTION class=\"\" data-alpha=\"5\" style=\"color:#ffffff; background-color:#0c0000; font-size:140; text-align:2; font-family:Default;\" ><div class=\"grid-gallery-figcaption-wrap\" style=\"\"><\/div><\/FIGCAPTION><\/FIGURE><FIGURE class=\"grid-gallery-caption\" data-grid-gallery-type=\"quarter-two-step\" data-index=\"10\" style=\"display:none;border-radius:200;; margin:2.65px; height:2150; width:auto;\" ><div class=\"crop\" style=\"\"><img decoding=\"async\" src=\"https:\/\/sandybrown-koala-804212.hostingersite.com\/wp-content\/uploads\/2019\/09\/IMG_4215-e1569685393161-161x215.jpg\" class=\"ggImg ggNotInitImg\" alt=\"IMG_4215\" title=\"IMG_4215\" data-description=\"IMG_4215\" data-caption=\"Two Turtles - T. Lamothe\" data-title=\"IMG_4215\" style=\" height:215px; width:auto;\" \/><\/div><FIGCAPTION class=\"\" data-alpha=\"5\" style=\"color:#ffffff; background-color:#0c0000; font-size:140; text-align:2; font-family:Default;\" ><div class=\"grid-gallery-figcaption-wrap\" style=\"\"><\/div><\/FIGCAPTION><\/FIGURE><FIGURE class=\"grid-gallery-caption\" data-grid-gallery-type=\"quarter-two-step\" data-index=\"11\" style=\"display:none;border-radius:200;; margin:2.65px; height:2150; width:auto;\" ><div class=\"crop\" style=\"\"><img decoding=\"async\" src=\"https:\/\/sandybrown-koala-804212.hostingersite.com\/wp-content\/uploads\/2019\/09\/unnamed-4-287x215.jpg\" class=\"ggImg ggNotInitImg\" alt=\"unnamed-4\" title=\"unnamed-4\" data-description=\"unnamed-4\" data-caption=\"Falcon - J. Arnason\" data-title=\"unnamed-4\" style=\" height:215px; width:auto;\" \/><\/div><FIGCAPTION class=\"\" data-alpha=\"5\" style=\"color:#ffffff; background-color:#0c0000; font-size:140; text-align:2; font-family:Default;\" ><div class=\"grid-gallery-figcaption-wrap\" style=\"\"><\/div><\/FIGCAPTION><\/FIGURE><FIGURE class=\"grid-gallery-caption\" data-grid-gallery-type=\"quarter-two-step\" data-index=\"12\" style=\"display:none;border-radius:200;; margin:2.65px; height:2150; width:auto;\" ><div class=\"crop\" style=\"\"><img decoding=\"async\" src=\"https:\/\/sandybrown-koala-804212.hostingersite.com\/wp-content\/uploads\/2019\/09\/img_6782-168x215.jpg\" class=\"ggImg ggNotInitImg\" alt=\"img_6782.jpg\" title=\"img_6782.jpg\" data-description=\"img_6782.jpg\" data-caption=\"Owlet - July 2019 - IM\" data-title=\"img_6782.jpg\" style=\" height:215px; width:auto;\" \/><\/div><FIGCAPTION class=\"\" data-alpha=\"5\" style=\"color:#ffffff; background-color:#0c0000; font-size:140; text-align:2; font-family:Default;\" ><div class=\"grid-gallery-figcaption-wrap\" style=\"\"><\/div><\/FIGCAPTION><\/FIGURE> <div class=\"grid-gallery-clearfix\"><\/div> <\/div> <div class=\"gallery-sharing-bottom\" style=\"display:none;\"> <\/div> <div class=\"gallery-sharing-image\" style=\"display:none;\"> <\/div> <div class=\"gallery-sharing-popup\" style=\"display:none;\"> <\/div> <div class=\"grid-gallery-clearfix\"><\/div> <\/div> <!-- Gallery by Supsystic plugin1.16.0 --><a title=\"WordPress Gallery Plugin\" style=\"display:none;\" href=\"https:\/\/supsystic.com\/plugins\/photo-gallery\/?utm_medium=love_link\" target=\"_blank\">WordPress Gallery Plugin<\/a>\n\n\n\n<h2 class=\"wp-block-heading\">Les oiseaux du lac Sam<\/h2>\n\n\n\n<p>Le comit\u00e9 environnementale de lac Sam a l&#8217;honneur de partager la premi\u00e8re \u00e9dition des &#8220;<a href=\"https:\/\/sandybrown-koala-804212.hostingersite.com\/wp-content\/uploads\/2019\/08\/Lac-sam-birds-v1-2019-08-04.pdf\" target=\"_blank\" rel=\"noreferrer noopener\">Oiseaux du lac Sam<\/a>&#8220;, une collection de photos, avec des liens vers des sites web contenant des descriptions de chaque type d&#8217;oiseau.<\/p>\n\n\n\n<p><br>D&#8217;autres auront certainement des photos d&#8217;autres oiseaux qu&#8217;ils souhaiteront partager, alors n&#8217;h\u00e9sitez pas \u00e0 les faire parvenir au Comit\u00e9 d&#8217;intendance environnementale du Lac Sam aux adresses \u00e9lectroniques figurant \u00e0 la fin du livre.<\/p>\n\n\n\n<h2 class=\"wp-block-heading\">Articles r\u00e9cents sur la faune et la flore :<\/h2>\n\n\n\n","protected":false},"excerpt":{"rendered":"<p>Les cris obs\u00e9dants du huard, l&#8217;\u00e9clair du cerf de Virginie, le vol rapide des harles au-dessus de l&#8217;eau et le chant de nos oiseaux migrateurs contribuent \u00e0 faire du lac Sam un endroit sp\u00e9cial. Pourtant, la population d&#8217;animaux sauvages du<\/p>\n","protected":false},"author":1,"featured_media":211,"parent":0,"menu_order":0,"comment_status":"closed","ping_status":"closed","template":"","meta":{"footnotes":""},"class_list":["post-497","page","type-page","status-publish","has-post-thumbnail","hentry"],"_links":{"self":[{"href":"https:\/\/lacsam.info\/index.php?rest_route=\/wp\/v2\/pages\/497","targetHints":{"allow":["GET"]}}],"collection":[{"href":"https:\/\/lacsam.info\/index.php?rest_route=\/wp\/v2\/pages"}],"about":[{"href":"https:\/\/lacsam.info\/index.php?rest_route=\/wp\/v2\/types\/page"}],"author":[{"embeddable":true,"href":"https:\/\/lacsam.info\/index.php?rest_route=\/wp\/v2\/users\/1"}],"replies":[{"embeddable":true,"href":"https:\/\/lacsam.info\/index.php?rest_route=%2Fwp%2Fv2%2Fcomments&post=497"}],"version-history":[{"count":4,"href":"https:\/\/lacsam.info\/index.php?rest_route=\/wp\/v2\/pages\/497\/revisions"}],"predecessor-version":[{"id":501,"href":"https:\/\/lacsam.info\/index.php?rest_route=\/wp\/v2\/pages\/497\/revisions\/501"}],"wp:featuredmedia":[{"embeddable":true,"href":"https:\/\/lacsam.info\/index.php?rest_route=\/wp\/v2\/media\/211"}],"wp:attachment":[{"href":"https:\/\/lacsam.info\/index.php?rest_route=%2Fwp%2Fv2%2Fmedia&parent=497"}],"curies":[{"name":"wp","href":"https:\/\/api.w.org\/{rel}","templated":true}]}}