{"id":489,"date":"2020-07-11T18:25:25","date_gmt":"2020-07-11T18:25:25","guid":{"rendered":"https:\/\/sandybrown-koala-804212.hostingersite.com\/?page_id=489"},"modified":"2020-07-11T18:30:31","modified_gmt":"2020-07-11T18:30:31","slug":"groupe-google","status":"publish","type":"page","link":"https:\/\/lacsam.info\/?page_id=489&lang=fr","title":{"rendered":"Groupe Google"},"content":{"rendered":"\n<p>Les voisins \u00e0 Lac Sam ont mis en place un groupe Google pour faciliter le partage d&#8217;informations entre eux. Comme ce groupe est destin\u00e9 aux r\u00e9sidents du lac Sam, les propri\u00e9taires de chalets doivent s&#8217;inscrire pour y avoir acc\u00e8s.<\/p>\n\n\n\n<p>Une fois inscrit et connect\u00e9, vous pouvez acc\u00e9der aux informations partag\u00e9es dans le groupe via cette page (ci-dessous) ou directement via Google Groups.<\/p>\n\n\n\n<p>La fa\u00e7on la plus simple de demander \u00e0 s&#8217;inscrire au groupe Google est d&#8217;envoyer un courriel \u00e0 lacsaminfo@gmail.com et les propri\u00e9taires du groupe peuvent vous ajouter \u00e0 la liste. Vous devrez partager votre adresse \u00e9lectronique et l&#8217;adresse de votre chalet du Lac Sam lorsque vous ferez la demande.<\/p>\n\n\n\n<p><\/p>\n","protected":false},"excerpt":{"rendered":"<p>Les voisins \u00e0 Lac Sam ont mis en place un groupe Google pour faciliter le partage d&#8217;informations entre eux. Comme ce groupe est destin\u00e9 aux r\u00e9sidents du lac Sam, les propri\u00e9taires de chalets doivent s&#8217;inscrire pour y avoir acc\u00e8s. Une<\/p>\n","protected":false},"author":1,"featured_media":7,"parent":0,"menu_order":0,"comment_status":"closed","ping_status":"closed","template":"","meta":{"footnotes":""},"class_list":["post-489","page","type-page","status-publish","has-post-thumbnail","hentry"],"_links":{"self":[{"href":"https:\/\/lacsam.info\/index.php?rest_route=\/wp\/v2\/pages\/489","targetHints":{"allow":["GET"]}}],"collection":[{"href":"https:\/\/lacsam.info\/index.php?rest_route=\/wp\/v2\/pages"}],"about":[{"href":"https:\/\/lacsam.info\/index.php?rest_route=\/wp\/v2\/types\/page"}],"author":[{"embeddable":true,"href":"https:\/\/lacsam.info\/index.php?rest_route=\/wp\/v2\/users\/1"}],"replies":[{"embeddable":true,"href":"https:\/\/lacsam.info\/index.php?rest_route=%2Fwp%2Fv2%2Fcomments&post=489"}],"version-history":[{"count":2,"href":"https:\/\/lacsam.info\/index.php?rest_route=\/wp\/v2\/pages\/489\/revisions"}],"predecessor-version":[{"id":492,"href":"https:\/\/lacsam.info\/index.php?rest_route=\/wp\/v2\/pages\/489\/revisions\/492"}],"wp:featuredmedia":[{"embeddable":true,"href":"https:\/\/lacsam.info\/index.php?rest_route=\/wp\/v2\/media\/7"}],"wp:attachment":[{"href":"https:\/\/lacsam.info\/index.php?rest_route=%2Fwp%2Fv2%2Fmedia&parent=489"}],"curies":[{"name":"wp","href":"https:\/\/api.w.org\/{rel}","templated":true}]}}