{"id":304,"date":"2016-05-16T00:49:25","date_gmt":"2016-05-16T00:49:25","guid":{"rendered":"http:\/\/sandybrown-koala-804212.hostingersite.com\/?page_id=60"},"modified":"2020-07-11T18:22:02","modified_gmt":"2020-07-11T18:22:02","slug":"sur","status":"publish","type":"page","link":"https:\/\/lacsam.info\/?page_id=304&lang=fr","title":{"rendered":"\u00c0 propos"},"content":{"rendered":"<p>Le lac Sam est situ\u00e9 le long de l&#8217;intersection de la ligne de d\u00e9marcation municipale entre les municipalit\u00e9s de Denholm et lac-Sainte-Marie, deux des 18 municipalit\u00e9s qui forment la grande municipalit\u00e9 r\u00e9gionale de comt\u00e9 (MRC) de la vall\u00e9e-de-la-Gatineau.&nbsp; Une vue satellite du lac Sam et des environs est fournie ci-dessous avec la permission de Google Maps. Le lac Sam est nomm\u00e9 d&#8217;apr\u00e8s un homme du coin nomm\u00e9 Samuel Warwick qui a enregistr\u00e9 la r\u00e9gion dans les ann\u00e9es 1800. Le lac Kettle en forme de fer \u00e0 cheval \u00e9tait situ\u00e9 en territoire autochtone Algonquin et entour\u00e9 de pins blancs avant l&#8217;abattage.&nbsp; Maintenant, lac Sam offre de superbes panoramas de for\u00eats mixtes et bor\u00e9ales avec de grands et gracieux arbres de pruche. Quelques faits de lac Sam:<\/p>\n<ul>\n<li>Selon FAPEL.o<a href=\"https:\/\/web.archive.org\/web\/20160320065554\/http:\/\/fapel.org\/english\/ansurf47.htm\">rg, la su<\/a>perficie du lac Sam est de 460 acres et la profondeur maximale est de 211 pieds.<\/li>\n<li>Profondeur de l&#8217;eau du lac Sam\n<ul>\n<li>Lloyd Jarvis dit que son d\u00e9tecteur de profondeur a produit plusieurs lectures de 245ft. au centre du bras est.<\/li>\n<li>John Garton a sond\u00e9 ci-dessous 200ft. sur le bras ouest.<\/li>\n<\/ul>\n<\/li>\n<\/ul>\n<p>Pour un regard divertissant sur l&#8217;histoire du lac Sam et de la vie au chalet sur le lac, parcourez le livre de Bob<em> Rees \u00ablac Sam, le joyau cach\u00e9 de la Gatineau\u00bb.<\/em> But du site Web ce site Web est d\u00e9di\u00e9 \u00e0 la pr\u00e9servation \u00e9cologique du lac Sam. Nous allons continuer \u00e0 ajouter plus d&#8217;informations avec les messages qui seront affich\u00e9s sur le site. Nous esp\u00e9rons qu&#8217;il devienne une ressource utile et un centre de partage d&#8217;information pour les Cottagers et les invit\u00e9s du lac Sam et nous inspire tous \u00e0 \u00eatre de bons gardiens du lac. Lac Sam via Google Maps: <iframe loading=\"lazy\" style=\"border: 0;\" src=\"https:\/\/www.google.com\/maps\/embed?pb=!1m18!1m12!1m3!1d22212.038322758555!2d-75.81202243010907!3d45.901216512930716!2m3!1f0!2f0!3f0!3m2!1i1024!2i768!4f13.1!3m3!1m2!1s0x4cd1d28bdbf8e983%3A0x33cea10daa050c20!2sLac+Sam!5e0!3m2!1sen!2sca!4v1471831218703\" width=\"800\" height=\"600\" frameborder=\"0\" allowfullscreen=\"allowfullscreen\"><\/iframe><\/p>\n","protected":false},"excerpt":{"rendered":"<p>En savoir plus sur le lac Sam&#8230;<\/p>\n","protected":false},"author":1,"featured_media":0,"parent":0,"menu_order":0,"comment_status":"closed","ping_status":"closed","template":"","meta":{"footnotes":""},"class_list":["post-304","page","type-page","status-publish","hentry"],"_links":{"self":[{"href":"https:\/\/lacsam.info\/index.php?rest_route=\/wp\/v2\/pages\/304","targetHints":{"allow":["GET"]}}],"collection":[{"href":"https:\/\/lacsam.info\/index.php?rest_route=\/wp\/v2\/pages"}],"about":[{"href":"https:\/\/lacsam.info\/index.php?rest_route=\/wp\/v2\/types\/page"}],"author":[{"embeddable":true,"href":"https:\/\/lacsam.info\/index.php?rest_route=\/wp\/v2\/users\/1"}],"replies":[{"embeddable":true,"href":"https:\/\/lacsam.info\/index.php?rest_route=%2Fwp%2Fv2%2Fcomments&post=304"}],"version-history":[{"count":4,"href":"https:\/\/lacsam.info\/index.php?rest_route=\/wp\/v2\/pages\/304\/revisions"}],"predecessor-version":[{"id":488,"href":"https:\/\/lacsam.info\/index.php?rest_route=\/wp\/v2\/pages\/304\/revisions\/488"}],"wp:attachment":[{"href":"https:\/\/lacsam.info\/index.php?rest_route=%2Fwp%2Fv2%2Fmedia&parent=304"}],"curies":[{"name":"wp","href":"https:\/\/api.w.org\/{rel}","templated":true}]}}