{"id":290,"date":"2018-07-30T15:18:58","date_gmt":"2018-07-30T15:18:58","guid":{"rendered":"http:\/\/sandybrown-koala-804212.hostingersite.com\/?page_id=290"},"modified":"2020-07-11T20:26:42","modified_gmt":"2020-07-11T20:26:42","slug":"exemple-page","status":"publish","type":"page","link":"https:\/\/lacsam.info\/?page_id=290&lang=fr","title":{"rendered":"Accueil"},"content":{"rendered":"<p>Ce site Web est d\u00e9di\u00e9 \u00e0 la pr\u00e9servation \u00e9cologique du lac Sam. Nous esp\u00e9rons qu&#8217;il devienne une ressource utile et un centre de partage d&#8217;information pour les Cottagers et les invit\u00e9s du lac Sam et nous inspire tous \u00e0 \u00eatre de bons gardiens du lac.<\/p>\n","protected":false},"excerpt":{"rendered":"<p>Ce site Web est d\u00e9di\u00e9 \u00e0 la pr\u00e9servation \u00e9cologique du lac Sam. Nous esp\u00e9rons qu&#8217;il devienne une ressource utile et un centre de partage d&#8217;information pour les Cottagers et les invit\u00e9s du lac Sam et nous inspire tous \u00e0 \u00eatre<\/p>\n","protected":false},"author":1,"featured_media":0,"parent":0,"menu_order":0,"comment_status":"closed","ping_status":"open","template":"page-templates\/business.php","meta":{"footnotes":""},"class_list":["post-290","page","type-page","status-publish","hentry"],"_links":{"self":[{"href":"https:\/\/lacsam.info\/index.php?rest_route=\/wp\/v2\/pages\/290","targetHints":{"allow":["GET"]}}],"collection":[{"href":"https:\/\/lacsam.info\/index.php?rest_route=\/wp\/v2\/pages"}],"about":[{"href":"https:\/\/lacsam.info\/index.php?rest_route=\/wp\/v2\/types\/page"}],"author":[{"embeddable":true,"href":"https:\/\/lacsam.info\/index.php?rest_route=\/wp\/v2\/users\/1"}],"replies":[{"embeddable":true,"href":"https:\/\/lacsam.info\/index.php?rest_route=%2Fwp%2Fv2%2Fcomments&post=290"}],"version-history":[{"count":3,"href":"https:\/\/lacsam.info\/index.php?rest_route=\/wp\/v2\/pages\/290\/revisions"}],"predecessor-version":[{"id":496,"href":"https:\/\/lacsam.info\/index.php?rest_route=\/wp\/v2\/pages\/290\/revisions\/496"}],"wp:attachment":[{"href":"https:\/\/lacsam.info\/index.php?rest_route=%2Fwp%2Fv2%2Fmedia&parent=290"}],"curies":[{"name":"wp","href":"https:\/\/api.w.org\/{rel}","templated":true}]}}